{"id":3291,"date":"2023-09-04T13:29:35","date_gmt":"2023-09-04T11:29:35","guid":{"rendered":"https:\/\/apdubex.com\/fronttanks-und-tanksets\/"},"modified":"2023-09-04T13:29:36","modified_gmt":"2023-09-04T11:29:36","slug":"fronttanks-und-tanksets","status":"publish","type":"page","link":"https:\/\/apdubex.com\/de\/fronttanks-und-tanksets\/","title":{"rendered":"Fronttanks und Tanksets"},"content":{"rendered":"<p>[et_pb_section fb_built=&#8221;1&#8243; admin_label=&#8221;section&#8221; _builder_version=&#8221;4.18.0&#8243; background_color=&#8221;#1D1D1B&#8221; custom_padding=&#8221;30px||30px||true|false&#8221; border_width_bottom=&#8221;15px&#8221; border_color_bottom=&#8221;#FFCA00&#8243; global_colors_info=&#8221;{}&#8221;][et_pb_row column_structure=&#8221;3_5,2_5&#8243; make_equal=&#8221;on&#8221; admin_label=&#8221;row&#8221; _builder_version=&#8221;4.21.0&#8243; background_size=&#8221;initial&#8221; background_position=&#8221;top_left&#8221; background_repeat=&#8221;repeat&#8221; global_colors_info=&#8221;{}&#8221;][et_pb_column type=&#8221;3_5&#8243; _builder_version=&#8221;4.18.0&#8243; custom_padding=&#8221;|||&#8221; custom_padding_tablet=&#8221;||50px||false|false&#8221; custom_padding_phone=&#8221;||50px||false|false&#8221; custom_padding_last_edited=&#8221;on|phone&#8221; custom_css_main_element=&#8221;margin: auto;&#8221; global_colors_info=&#8221;{}&#8221; custom_padding__hover=&#8221;|||&#8221;][et_pb_text _builder_version=&#8221;4.19.3&#8243; _module_preset=&#8221;default&#8221; custom_margin=&#8221;||10px||false|false&#8221; global_colors_info=&#8221;{}&#8221;]<\/p>\n<h1>Fronttanks und Tanksets<\/h1>\n<p>[\/et_pb_text][et_pb_text _builder_version=&#8221;4.22.1&#8243; _module_preset=&#8221;default&#8221; text_text_color=&#8221;#FFFFFF&#8221; global_colors_info=&#8221;{}&#8221;]<\/p>\n<p>Erh\u00f6hen SIe Ihre Arbeitskapazit\u00e4t mit einem AP Dubex (Front-)tank f\u00fcr die Dosierung von<br \/>Pflanzenschutzmitteln oder Fl\u00fcssigd\u00fcnger in Kombination mit verschiedenen Ger\u00e4ten.<\/p>\n<p>&nbsp;<\/p>\n<ul>\n<li><span style=\"font-size: 16px;\">Die Tanks sind hergestellt aus Polyurethan, wodurch die Tanks leicht und zugleich stark sind.<\/span><\/li>\n<li>Verschiedene Kapazit\u00e4ten : 350 l, 440 l, 700 l, 900 l und 1100 l<\/li>\n<li>Verschiedene Zusammenstellungs- und Aufbaum\u00f6glichkeiten<\/li>\n<li>Mehrere Dosierungsm\u00f6glichkeiten in einem Arbeitsgang<\/li>\n<\/ul>\n<p>[\/et_pb_text][et_pb_blurb url=&#8221;@ET-DC@eyJkeW5hbWljIjp0cnVlLCJjb250ZW50IjoicG9zdF9saW5rX3VybF9wYWdlIiwic2V0dGluZ3MiOnsicG9zdF9pZCI6IjUwIn19@&#8221; image=&#8221;https:\/\/apdubex.com\/wp-content\/uploads\/2022\/08\/Dubex-Dealers.png&#8221; alt=&#8221;AP Dubex H\u00e4ndler&#8221; icon_placement=&#8221;left&#8221; image_icon_width=&#8221;23px&#8221; _builder_version=&#8221;4.18.0&#8243; _dynamic_attributes=&#8221;url,link_option_url&#8221; _module_preset=&#8221;default&#8221; body_text_color=&#8221;#FFCA00&#8243; body_line_height=&#8221;25px&#8221; body_link_font=&#8221;||||||||&#8221; background_layout=&#8221;dark&#8221; link_option_url=&#8221;@ET-DC@eyJkeW5hbWljIjp0cnVlLCJjb250ZW50IjoicG9zdF9saW5rX3VybF9wYWdlIiwic2V0dGluZ3MiOnsicG9zdF9pZCI6IjUwIn19@&#8221; custom_css_blurb_content=&#8221;margin-left: 0;&#8221; global_colors_info=&#8221;{}&#8221; custom_css_blurb_content_last_edited=&#8221;off|desktop&#8221; custom_css_blurb_content__hover_enabled=&#8221;on|hover&#8221; custom_css_blurb_content__hover=&#8221;text-decoration: underline;&#8221;]<\/p>\n<p>H\u00e4ndler in Ihrer N\u00e4he finden &gt;<\/p>\n<p>[\/et_pb_blurb][\/et_pb_column][et_pb_column type=&#8221;2_5&#8243; _builder_version=&#8221;4.18.0&#8243; custom_padding=&#8221;|||&#8221; custom_padding_tablet=&#8221;||50px||false|false&#8221; custom_padding_phone=&#8221;||50px||false|false&#8221; custom_padding_last_edited=&#8221;on|phone&#8221; custom_css_main_element=&#8221;margin: auto;&#8221; global_colors_info=&#8221;{}&#8221; custom_padding__hover=&#8221;|||&#8221;][et_pb_image src=&#8221;https:\/\/apdubex.com\/wp-content\/uploads\/2023\/09\/AP-Dubex-fronttanks7.jpg&#8221; alt=&#8221;AP Dubex Fronttanks&#8221; title_text=&#8221;AP Dubex Fronttanks&#8221; _builder_version=&#8221;4.22.1&#8243; _module_preset=&#8221;default&#8221; global_colors_info=&#8221;{}&#8221;][\/et_pb_image][\/et_pb_column][\/et_pb_row][\/et_pb_section][et_pb_section fb_built=&#8221;1&#8243; custom_padding_last_edited=&#8221;on|phone&#8221; _builder_version=&#8221;4.18.0&#8243; _module_preset=&#8221;default&#8221; custom_padding=&#8221;41px|||||&#8221; custom_padding_tablet=&#8221;&#8221; custom_padding_phone=&#8221;0px||||false|false&#8221; global_colors_info=&#8221;{}&#8221;][et_pb_row column_structure=&#8221;1_3,1_3,1_3&#8243; _builder_version=&#8221;4.22.1&#8243; _module_preset=&#8221;default&#8221; custom_margin=&#8221;-31px|auto||auto||&#8221; hover_enabled=&#8221;0&#8243; global_colors_info=&#8221;{}&#8221; sticky_enabled=&#8221;0&#8243;][et_pb_column type=&#8221;1_3&#8243; _builder_version=&#8221;4.21.0&#8243; _module_preset=&#8221;default&#8221; global_colors_info=&#8221;{}&#8221;][et_pb_text _builder_version=&#8221;4.22.1&#8243; _module_preset=&#8221;default&#8221; text_text_color=&#8221;#1D1D1B&#8221; global_colors_info=&#8221;{}&#8221;]<\/p>\n<h3><span style=\"color: #000000;\">Optionen<\/span><\/h3>\n<p><span style=\"color: #000000;\"><\/span><\/p>\n<p><span style=\"color: #000000;\"><\/span><\/p>\n<ul>\n<li>Dreipunkt- oder Anbau-Hubrahmen<\/li>\n<li>Computer M\u00fcller SprayDos<\/li>\n<li>ISOBUS mit oder ohne Terminal<\/li>\n<li>Kreisel- oder Kolbenmembranpumpe<\/li>\n<li>Beleuchtung &amp; Fahrtrichtungsanzeiger<\/li>\n<li>Kundenspezifische W\u00fcnsche<\/li>\n<\/ul>\n<p>[\/et_pb_text][\/et_pb_column][et_pb_column type=&#8221;1_3&#8243; _builder_version=&#8221;4.21.0&#8243; _module_preset=&#8221;default&#8221; global_colors_info=&#8221;{}&#8221;][et_pb_image src=&#8221;https:\/\/apdubex.com\/wp-content\/uploads\/2023\/09\/AP-Dubex-fronttanks-300&#215;235.jpg&#8221; _builder_version=&#8221;4.22.1&#8243; _module_preset=&#8221;default&#8221; alt=&#8221;AP Dubex Fronttanks&#8221; title_text=&#8221;AP Dubex Fronttanks&#8221; hover_enabled=&#8221;0&#8243; sticky_enabled=&#8221;0&#8243;][\/et_pb_image][\/et_pb_column][et_pb_column type=&#8221;1_3&#8243; _builder_version=&#8221;4.21.0&#8243; _module_preset=&#8221;default&#8221; global_colors_info=&#8221;{}&#8221;][et_pb_image src=&#8221;https:\/\/apdubex.com\/wp-content\/uploads\/2023\/09\/AP-Dubex-fronttanks3-e1693817834717.jpg&#8221; alt=&#8221;AP Dubex Fronttanks&#8221; title_text=&#8221;AP Dubex Fronttanks&#8221; _builder_version=&#8221;4.22.1&#8243; _module_preset=&#8221;default&#8221; hover_enabled=&#8221;0&#8243; global_colors_info=&#8221;{}&#8221; sticky_enabled=&#8221;0&#8243; custom_padding=&#8221;|||0px||&#8221;][\/et_pb_image][\/et_pb_column][\/et_pb_row][et_pb_row _builder_version=&#8221;4.22.1&#8243; _module_preset=&#8221;default&#8221; column_structure=&#8221;1_3,1_3,1_3&#8243; hover_enabled=&#8221;0&#8243; sticky_enabled=&#8221;0&#8243; custom_padding=&#8221;0px||0px||false|false&#8221; custom_margin=&#8221;||71px||false|false&#8221;][et_pb_column _builder_version=&#8221;4.22.1&#8243; _module_preset=&#8221;default&#8221; type=&#8221;1_3&#8243;][et_pb_toggle title=&#8221;Video AP Dubex Fronttanks&#8221; _builder_version=&#8221;4.22.1&#8243; _module_preset=&#8221;default&#8221; hover_enabled=&#8221;0&#8243; sticky_enabled=&#8221;0&#8243; icon_color=&#8221;#1D1D1B&#8221; use_icon_font_size=&#8221;on&#8221; icon_font_size=&#8221;37px&#8221; toggle_icon=&#8221;&#xe0a3;||divi||400&#8243; open_use_icon_font_size=&#8221;on&#8221; open_icon_font_size=&#8221;25px&#8221; open_toggle_text_color=&#8221;#1D1D1B&#8221; title_text_color=&#8221;#1D1D1B&#8221; background_color=&#8221;#FFCA00&#8243; title_last_edited=&#8221;on|desktop&#8221; open_toggle_icon=&#8221;&#x4d;||divi||400&#8243; open_icon_color=&#8221;#1D1D1B&#8221; title_tablet=&#8221;Video AP Dubex Fronttanks&#8221; title_phone=&#8221;Video AP Dubex Fronttanks&#8221;]<\/p>\n<div style=\"width: 848px;\" class=\"wp-video\"><video class=\"wp-video-shortcode\" id=\"video-3291-1\" width=\"848\" height=\"480\" preload=\"metadata\" controls=\"controls\"><source type=\"video\/mp4\" src=\"https:\/\/apdubex.com\/wp-content\/uploads\/2023\/09\/AP-Dubex-fronttanks.mp4?_=1\" \/><a href=\"https:\/\/apdubex.com\/wp-content\/uploads\/2023\/09\/AP-Dubex-fronttanks.mp4\">https:\/\/apdubex.com\/wp-content\/uploads\/2023\/09\/AP-Dubex-fronttanks.mp4<\/a><\/video><\/div>\n<p>&nbsp;<\/p>\n<p>[\/et_pb_toggle][\/et_pb_column][et_pb_column _builder_version=&#8221;4.22.1&#8243; _module_preset=&#8221;default&#8221; type=&#8221;1_3&#8243;][\/et_pb_column][et_pb_column _builder_version=&#8221;4.22.1&#8243; _module_preset=&#8221;default&#8221; type=&#8221;1_3&#8243;][\/et_pb_column][\/et_pb_row][\/et_pb_section]<\/p>\n","protected":false},"excerpt":{"rendered":"<p>Fronttanks und TanksetsErh\u00f6hen SIe Ihre Arbeitskapazit\u00e4t mit einem AP Dubex (Front-)tank f\u00fcr die Dosierung vonPflanzenschutzmitteln oder Fl\u00fcssigd\u00fcnger in Kombination mit verschiedenen Ger\u00e4ten. &nbsp; Die Tanks sind hergestellt aus Polyurethan, wodurch die Tanks leicht und zugleich stark sind. Verschiedene Kapazit\u00e4ten : 350 l, 440 l, 700 l, 900 l und 1100 l Verschiedene Zusammenstellungs- und Aufbaum\u00f6glichkeiten Mehrere Dosierungsm\u00f6glichkeiten in einem Arbeitsgang H\u00e4ndler in Ihrer N\u00e4he finden &gt;Optionen Dreipunkt- oder Anbau-Hubrahmen Computer M\u00fcller SprayDos ISOBUS mit oder ohne Terminal Kreisel- oder Kolbenmembranpumpe Beleuchtung &amp; Fahrtrichtungsanzeiger Kundenspezifische W\u00fcnsche <div style=\"width: 848px;\" class=\"wp-video\"><video class=\"wp-video-shortcode\" id=\"video-3291-2\" width=\"848\" height=\"480\" preload=\"metadata\" controls=\"controls\"><source type=\"video\/mp4\" src=\"https:\/\/apdubex.com\/wp-content\/uploads\/2023\/09\/AP-Dubex-fronttanks.mp4?_=2\" \/><a href=\"https:\/\/apdubex.com\/wp-content\/uploads\/2023\/09\/AP-Dubex-fronttanks.mp4\">https:\/\/apdubex.com\/wp-content\/uploads\/2023\/09\/AP-Dubex-fronttanks.mp4<\/a><\/video><\/div> &nbsp;<\/p>\n","protected":false},"author":1,"featured_media":0,"parent":0,"menu_order":0,"comment_status":"closed","ping_status":"closed","template":"","meta":{"_et_pb_use_builder":"on","_et_pb_old_content":"","_et_gb_content_width":"","footnotes":""},"class_list":["post-3291","page","type-page","status-publish","hentry"],"yoast_head":"<!-- This site is optimized with the Yoast SEO plugin v27.2 - https:\/\/yoast.com\/product\/yoast-seo-wordpress\/ -->\n<title>Fronttanks &amp; Tanksets | AP Dubex<\/title>\n<meta name=\"description\" content=\"AP Dubex Fronttanks &amp; Tanksets. AP Dubex Fronttanks &amp; Tanksets.\" \/>\n<meta name=\"robots\" content=\"index, follow, max-snippet:-1, max-image-preview:large, max-video-preview:-1\" \/>\n<link rel=\"canonical\" href=\"https:\/\/apdubex.com\/de\/fronttanks-und-tanksets\/\" \/>\n<meta property=\"og:locale\" content=\"de_DE\" \/>\n<meta property=\"og:type\" content=\"article\" \/>\n<meta property=\"og:title\" content=\"Fronttanks &amp; Tanksets | AP Dubex\" \/>\n<meta property=\"og:description\" content=\"AP Dubex Fronttanks &amp; Tanksets. AP Dubex Fronttanks &amp; Tanksets.\" \/>\n<meta property=\"og:url\" content=\"https:\/\/apdubex.com\/de\/fronttanks-und-tanksets\/\" \/>\n<meta property=\"og:site_name\" content=\"AP Dubex\" \/>\n<meta property=\"article:modified_time\" content=\"2023-09-04T11:29:36+00:00\" \/>\n<meta name=\"twitter:card\" content=\"summary_large_image\" \/>\n<meta name=\"twitter:label1\" content=\"Gesch\u00e4tzte Lesezeit\" \/>\n\t<meta name=\"twitter:data1\" content=\"4 minutes\" \/>\n<script type=\"application\/ld+json\" class=\"yoast-schema-graph\">{\"@context\":\"https:\/\/schema.org\",\"@graph\":[{\"@type\":\"WebPage\",\"@id\":\"https:\/\/apdubex.com\/de\/fronttanks-und-tanksets\/\",\"url\":\"https:\/\/apdubex.com\/de\/fronttanks-und-tanksets\/\",\"name\":\"Fronttanks & Tanksets | AP Dubex\",\"isPartOf\":{\"@id\":\"https:\/\/apdubex.com\/de\/#website\"},\"datePublished\":\"2023-09-04T11:29:35+00:00\",\"dateModified\":\"2023-09-04T11:29:36+00:00\",\"description\":\"AP Dubex Fronttanks & Tanksets. AP Dubex Fronttanks & Tanksets.\",\"breadcrumb\":{\"@id\":\"https:\/\/apdubex.com\/de\/fronttanks-und-tanksets\/#breadcrumb\"},\"inLanguage\":\"de-DE\",\"potentialAction\":[{\"@type\":\"ReadAction\",\"target\":[\"https:\/\/apdubex.com\/de\/fronttanks-und-tanksets\/\"]}]},{\"@type\":\"BreadcrumbList\",\"@id\":\"https:\/\/apdubex.com\/de\/fronttanks-und-tanksets\/#breadcrumb\",\"itemListElement\":[{\"@type\":\"ListItem\",\"position\":1,\"name\":\"Home\",\"item\":\"https:\/\/apdubex.com\/de\/\"},{\"@type\":\"ListItem\",\"position\":2,\"name\":\"Fronttanks und Tanksets\"}]},{\"@type\":\"WebSite\",\"@id\":\"https:\/\/apdubex.com\/de\/#website\",\"url\":\"https:\/\/apdubex.com\/de\/\",\"name\":\"AP Dubex\",\"description\":\"Haal het maximale uit uw gewasbescherming\",\"potentialAction\":[{\"@type\":\"SearchAction\",\"target\":{\"@type\":\"EntryPoint\",\"urlTemplate\":\"https:\/\/apdubex.com\/de\/?s={search_term_string}\"},\"query-input\":{\"@type\":\"PropertyValueSpecification\",\"valueRequired\":true,\"valueName\":\"search_term_string\"}}],\"inLanguage\":\"de-DE\"}]}<\/script>\n<!-- \/ Yoast SEO plugin. -->","yoast_head_json":{"title":"Fronttanks & Tanksets | AP Dubex","description":"AP Dubex Fronttanks & Tanksets. AP Dubex Fronttanks & Tanksets.","robots":{"index":"index","follow":"follow","max-snippet":"max-snippet:-1","max-image-preview":"max-image-preview:large","max-video-preview":"max-video-preview:-1"},"canonical":"https:\/\/apdubex.com\/de\/fronttanks-und-tanksets\/","og_locale":"de_DE","og_type":"article","og_title":"Fronttanks & Tanksets | AP Dubex","og_description":"AP Dubex Fronttanks & Tanksets. AP Dubex Fronttanks & Tanksets.","og_url":"https:\/\/apdubex.com\/de\/fronttanks-und-tanksets\/","og_site_name":"AP Dubex","article_modified_time":"2023-09-04T11:29:36+00:00","twitter_card":"summary_large_image","twitter_misc":{"Gesch\u00e4tzte Lesezeit":"4 minutes"},"schema":{"@context":"https:\/\/schema.org","@graph":[{"@type":"WebPage","@id":"https:\/\/apdubex.com\/de\/fronttanks-und-tanksets\/","url":"https:\/\/apdubex.com\/de\/fronttanks-und-tanksets\/","name":"Fronttanks & Tanksets | AP Dubex","isPartOf":{"@id":"https:\/\/apdubex.com\/de\/#website"},"datePublished":"2023-09-04T11:29:35+00:00","dateModified":"2023-09-04T11:29:36+00:00","description":"AP Dubex Fronttanks & Tanksets. AP Dubex Fronttanks & Tanksets.","breadcrumb":{"@id":"https:\/\/apdubex.com\/de\/fronttanks-und-tanksets\/#breadcrumb"},"inLanguage":"de-DE","potentialAction":[{"@type":"ReadAction","target":["https:\/\/apdubex.com\/de\/fronttanks-und-tanksets\/"]}]},{"@type":"BreadcrumbList","@id":"https:\/\/apdubex.com\/de\/fronttanks-und-tanksets\/#breadcrumb","itemListElement":[{"@type":"ListItem","position":1,"name":"Home","item":"https:\/\/apdubex.com\/de\/"},{"@type":"ListItem","position":2,"name":"Fronttanks und Tanksets"}]},{"@type":"WebSite","@id":"https:\/\/apdubex.com\/de\/#website","url":"https:\/\/apdubex.com\/de\/","name":"AP Dubex","description":"Haal het maximale uit uw gewasbescherming","potentialAction":[{"@type":"SearchAction","target":{"@type":"EntryPoint","urlTemplate":"https:\/\/apdubex.com\/de\/?s={search_term_string}"},"query-input":{"@type":"PropertyValueSpecification","valueRequired":true,"valueName":"search_term_string"}}],"inLanguage":"de-DE"}]}},"_links":{"self":[{"href":"https:\/\/apdubex.com\/de\/wp-json\/wp\/v2\/pages\/3291","targetHints":{"allow":["GET"]}}],"collection":[{"href":"https:\/\/apdubex.com\/de\/wp-json\/wp\/v2\/pages"}],"about":[{"href":"https:\/\/apdubex.com\/de\/wp-json\/wp\/v2\/types\/page"}],"author":[{"embeddable":true,"href":"https:\/\/apdubex.com\/de\/wp-json\/wp\/v2\/users\/1"}],"replies":[{"embeddable":true,"href":"https:\/\/apdubex.com\/de\/wp-json\/wp\/v2\/comments?post=3291"}],"version-history":[{"count":2,"href":"https:\/\/apdubex.com\/de\/wp-json\/wp\/v2\/pages\/3291\/revisions"}],"predecessor-version":[{"id":3293,"href":"https:\/\/apdubex.com\/de\/wp-json\/wp\/v2\/pages\/3291\/revisions\/3293"}],"wp:attachment":[{"href":"https:\/\/apdubex.com\/de\/wp-json\/wp\/v2\/media?parent=3291"}],"curies":[{"name":"wp","href":"https:\/\/api.w.org\/{rel}","templated":true}]}}