{"id":2876,"date":"2023-07-06T14:01:01","date_gmt":"2023-07-06T12:01:01","guid":{"rendered":"https:\/\/apdubex.com\/stellenangebote\/"},"modified":"2023-07-06T14:01:02","modified_gmt":"2023-07-06T12:01:02","slug":"stellenangebote","status":"publish","type":"page","link":"https:\/\/apdubex.com\/de\/stellenangebote\/","title":{"rendered":"Stellenangebote"},"content":{"rendered":"<p>[et_pb_section fb_built=&#8221;1&#8243; admin_label=&#8221;section&#8221; _builder_version=&#8221;4.18.0&#8243; background_color=&#8221;#F0F3F5&#8243; global_colors_info=&#8221;{}&#8221;][et_pb_row make_equal=&#8221;on&#8221; _builder_version=&#8221;4.19.3&#8243; _module_preset=&#8221;default&#8221; hover_enabled=&#8221;0&#8243; locked=&#8221;off&#8221; global_colors_info=&#8221;{}&#8221; sticky_enabled=&#8221;0&#8243;][et_pb_column type=&#8221;4_4&#8243; _builder_version=&#8221;4.18.0&#8243; _module_preset=&#8221;default&#8221; global_colors_info=&#8221;{}&#8221;][et_pb_text _builder_version=&#8221;4.19.3&#8243; _module_preset=&#8221;default&#8221; text_font=&#8221;|700|||||||&#8221; text_font_size=&#8221;40px&#8221; text_line_height=&#8221;47px&#8221; header_text_color=&#8221;#1D1D1B&#8221; background_color=&#8221;#FFCA00&#8243; custom_margin=&#8221;||0px||false|false&#8221; custom_padding=&#8221;6px|16px|6px|16px|true|true&#8221; text_font_size_tablet=&#8221;40px&#8221; text_font_size_phone=&#8221;30px&#8221; text_font_size_last_edited=&#8221;on|phone&#8221; text_line_height_tablet=&#8221;47px&#8221; text_line_height_phone=&#8221;35px&#8221; text_line_height_last_edited=&#8221;on|phone&#8221; custom_css_main_element=&#8221;max-width: fit-content;&#8221; global_colors_info=&#8221;{}&#8221;]<\/p>\n<h1 style=\"padding-bottom: 0;\">Stellenangebote<\/h1>\n<p>[\/et_pb_text][\/et_pb_column][\/et_pb_row][et_pb_row column_structure=&#8221;3_5,2_5&#8243; _builder_version=&#8221;4.19.3&#8243; _module_preset=&#8221;default&#8221; global_colors_info=&#8221;{}&#8221;][et_pb_column type=&#8221;3_5&#8243; _builder_version=&#8221;4.19.3&#8243; _module_preset=&#8221;default&#8221; global_colors_info=&#8221;{}&#8221;][et_pb_text _builder_version=&#8221;4.19.3&#8243; _module_preset=&#8221;default&#8221; global_colors_info=&#8221;{}&#8221;]<\/p>\n<p>AP Dubex BV ist ein wachsendes Unternehmen und st\u00e4ndig auf der Suche nach motivierten und engagierten neuen Mitarbeitern. Klicken Sie auf den untenstehenden Button um die vakante Stellen zu sehen. Wird Ihr Traumberuf hier nicht erw\u00e4hnt? Sie haben au\u00dferdem die M\u00f6glichkeit uns eine Initiativbewerbung zu schicken.<\/p>\n<p>In unseren Unternehmen gibt es immer Platz f\u00fcr Praktikanten und m\u00f6gliche Studienauftr\u00e4ge und\/oder Abschlu\u00dfarbeiten. Auf der Suche nach einem Praktikumsplatz? Schicken Sie Ihr Bewerbungsschreiben dann an<span> <\/span><a href=\"mailto:info@apdubex.com\">info@apdubex.com<\/a><span> <\/span>oder rufen Sie uns an<span> <\/span><a href=\"tel:0599696000\">0031 599 696 000<\/a>!<\/p>\n<p>[\/et_pb_text][\/et_pb_column][et_pb_column type=&#8221;2_5&#8243; _builder_version=&#8221;4.19.3&#8243; _module_preset=&#8221;default&#8221; global_colors_info=&#8221;{}&#8221;][\/et_pb_column][\/et_pb_row][et_pb_row column_structure=&#8221;1_5,1_5,1_5,1_5,1_5&#8243; _builder_version=&#8221;4.19.3&#8243; _module_preset=&#8221;default&#8221; global_colors_info=&#8221;{}&#8221;][et_pb_column type=&#8221;1_5&#8243; _builder_version=&#8221;4.18.0&#8243; _module_preset=&#8221;default&#8221; global_colors_info=&#8221;{}&#8221;][et_pb_button button_url=&#8221;https:\/\/apdubex.com\/vacatures\/&#8221; url_new_window=&#8221;on&#8221; button_text=&#8221;Stellenangebote&#8221; _builder_version=&#8221;4.19.3&#8243; _module_preset=&#8221;default&#8221; button_text_color=&#8221;#FFFFFF&#8221; button_bg_color=&#8221;#1D1D1B&#8221; button_border_color=&#8221;#1D1D1B&#8221; hover_enabled=&#8221;0&#8243; global_colors_info=&#8221;{}&#8221; sticky_enabled=&#8221;0&#8243;][\/et_pb_button][\/et_pb_column][et_pb_column type=&#8221;1_5&#8243; _builder_version=&#8221;4.19.3&#8243; _module_preset=&#8221;default&#8221; global_colors_info=&#8221;{}&#8221;][et_pb_button button_url=&#8221;https:\/\/apdubex.com\/2182-2\/&#8221; url_new_window=&#8221;on&#8221; button_text=&#8221;Praktikumspl\u00e4tze&#8221; _builder_version=&#8221;4.19.3&#8243; _module_preset=&#8221;default&#8221; button_text_color=&#8221;#FFFFFF&#8221; button_bg_color=&#8221;#1D1D1B&#8221; button_border_color=&#8221;#1D1D1B&#8221; global_colors_info=&#8221;{}&#8221;][\/et_pb_button][\/et_pb_column][et_pb_column type=&#8221;1_5&#8243; _builder_version=&#8221;4.18.0&#8243; _module_preset=&#8221;default&#8221; global_colors_info=&#8221;{}&#8221;][\/et_pb_column][et_pb_column type=&#8221;1_5&#8243; _builder_version=&#8221;4.18.0&#8243; _module_preset=&#8221;default&#8221; global_colors_info=&#8221;{}&#8221;][\/et_pb_column][et_pb_column type=&#8221;1_5&#8243; _builder_version=&#8221;4.18.0&#8243; _module_preset=&#8221;default&#8221; global_colors_info=&#8221;{}&#8221;][\/et_pb_column][\/et_pb_row][et_pb_row _builder_version=&#8221;4.19.3&#8243; _module_preset=&#8221;default&#8221; global_colors_info=&#8221;{}&#8221;][et_pb_column type=&#8221;4_4&#8243; _builder_version=&#8221;4.19.3&#8243; _module_preset=&#8221;default&#8221; global_colors_info=&#8221;{}&#8221;][et_pb_divider show_divider=&#8221;off&#8221; _builder_version=&#8221;4.19.3&#8243; _module_preset=&#8221;default&#8221; custom_margin=&#8221;||-22px|||&#8221; global_colors_info=&#8221;{}&#8221;][\/et_pb_divider][\/et_pb_column][\/et_pb_row][et_pb_row column_structure=&#8221;1_5,1_5,1_5,1_5,1_5&#8243; _builder_version=&#8221;4.19.3&#8243; _module_preset=&#8221;default&#8221; global_colors_info=&#8221;{}&#8221;][et_pb_column type=&#8221;1_5&#8243; _builder_version=&#8221;4.19.3&#8243; _module_preset=&#8221;default&#8221; global_colors_info=&#8221;{}&#8221;][et_pb_image src=&#8221;https:\/\/apdubex.com\/wp-content\/uploads\/2023\/02\/DSA01602-1-scaled.jpg&#8221; alt=&#8221;AP Dubex&#8221; title_text=&#8221;AP Dubex&#8221; _builder_version=&#8221;4.19.3&#8243; _module_preset=&#8221;default&#8221; global_colors_info=&#8221;{}&#8221;][\/et_pb_image][\/et_pb_column][et_pb_column type=&#8221;1_5&#8243; _builder_version=&#8221;4.19.3&#8243; _module_preset=&#8221;default&#8221; global_colors_info=&#8221;{}&#8221;][et_pb_image src=&#8221;https:\/\/apdubex.com\/wp-content\/uploads\/2023\/02\/DSA01614-scaled.jpg&#8221; alt=&#8221;AP Dubex&#8221; title_text=&#8221;AP Dubex&#8221; _builder_version=&#8221;4.19.3&#8243; _module_preset=&#8221;default&#8221; global_colors_info=&#8221;{}&#8221;][\/et_pb_image][\/et_pb_column][et_pb_column type=&#8221;1_5&#8243; _builder_version=&#8221;4.19.3&#8243; _module_preset=&#8221;default&#8221; global_colors_info=&#8221;{}&#8221;][et_pb_image src=&#8221;https:\/\/apdubex.com\/wp-content\/uploads\/2023\/02\/DSA01716-scaled.jpg&#8221; alt=&#8221;AP Dubex&#8221; title_text=&#8221;AP Dubex&#8221; _builder_version=&#8221;4.19.3&#8243; _module_preset=&#8221;default&#8221; global_colors_info=&#8221;{}&#8221;][\/et_pb_image][\/et_pb_column][et_pb_column type=&#8221;1_5&#8243; _builder_version=&#8221;4.19.3&#8243; _module_preset=&#8221;default&#8221; global_colors_info=&#8221;{}&#8221;][et_pb_image src=&#8221;https:\/\/apdubex.com\/wp-content\/uploads\/2023\/02\/DSA01780-scaled.jpg&#8221; alt=&#8221;AP Dubex&#8221; title_text=&#8221;AP Dubex&#8221; _builder_version=&#8221;4.19.3&#8243; _module_preset=&#8221;default&#8221; global_colors_info=&#8221;{}&#8221;][\/et_pb_image][\/et_pb_column][et_pb_column type=&#8221;1_5&#8243; _builder_version=&#8221;4.19.3&#8243; _module_preset=&#8221;default&#8221; global_colors_info=&#8221;{}&#8221;][et_pb_image src=&#8221;https:\/\/apdubex.com\/wp-content\/uploads\/2023\/02\/DSC02425-scaled.jpg&#8221; alt=&#8221;AP Dubex&#8221; title_text=&#8221;AP Dubex&#8221; _builder_version=&#8221;4.19.3&#8243; _module_preset=&#8221;default&#8221; global_colors_info=&#8221;{}&#8221;][\/et_pb_image][\/et_pb_column][\/et_pb_row][et_pb_row _builder_version=&#8221;4.19.3&#8243; _module_preset=&#8221;default&#8221; global_colors_info=&#8221;{}&#8221;][et_pb_column type=&#8221;4_4&#8243; _builder_version=&#8221;4.19.3&#8243; _module_preset=&#8221;default&#8221; global_colors_info=&#8221;{}&#8221;][et_pb_divider show_divider=&#8221;off&#8221; _builder_version=&#8221;4.19.3&#8243; _module_preset=&#8221;default&#8221; custom_margin=&#8221;||-7px|||&#8221; custom_padding=&#8221;||0px|||&#8221; global_colors_info=&#8221;{}&#8221;][\/et_pb_divider][\/et_pb_column][\/et_pb_row][\/et_pb_section]<\/p>\n","protected":false},"excerpt":{"rendered":"<p>StellenangeboteAP Dubex BV ist ein wachsendes Unternehmen und st\u00e4ndig auf der Suche nach motivierten und engagierten neuen Mitarbeitern. Klicken Sie auf den untenstehenden Button um die vakante Stellen zu sehen. Wird Ihr Traumberuf hier nicht erw\u00e4hnt? Sie haben au\u00dferdem die M\u00f6glichkeit uns eine Initiativbewerbung zu schicken. In unseren Unternehmen gibt es immer Platz f\u00fcr Praktikanten und m\u00f6gliche Studienauftr\u00e4ge und\/oder Abschlu\u00dfarbeiten. Auf der Suche nach einem Praktikumsplatz? Schicken Sie Ihr Bewerbungsschreiben dann an info@apdubex.com oder rufen Sie uns an 0031 599 696 000!<\/p>\n","protected":false},"author":2,"featured_media":0,"parent":0,"menu_order":0,"comment_status":"closed","ping_status":"closed","template":"","meta":{"_et_pb_use_builder":"on","_et_pb_old_content":"","_et_gb_content_width":"","footnotes":""},"class_list":["post-2876","page","type-page","status-publish","hentry"],"yoast_head":"<!-- This site is optimized with the Yoast SEO plugin v27.4 - https:\/\/yoast.com\/product\/yoast-seo-wordpress\/ -->\n<title>Stellenangebote - AP Dubex<\/title>\n<meta name=\"robots\" content=\"index, follow, max-snippet:-1, max-image-preview:large, max-video-preview:-1\" \/>\n<link rel=\"canonical\" href=\"https:\/\/apdubex.com\/de\/stellenangebote\/\" \/>\n<meta property=\"og:locale\" content=\"de_DE\" \/>\n<meta property=\"og:type\" content=\"article\" \/>\n<meta property=\"og:title\" content=\"Stellenangebote - AP Dubex\" \/>\n<meta property=\"og:description\" content=\"StellenangeboteAP Dubex BV ist ein wachsendes Unternehmen und st\u00e4ndig auf der Suche nach motivierten und engagierten neuen Mitarbeitern. Klicken Sie auf den untenstehenden Button um die vakante Stellen zu sehen. Wird Ihr Traumberuf hier nicht erw\u00e4hnt? Sie haben au\u00dferdem die M\u00f6glichkeit uns eine Initiativbewerbung zu schicken. In unseren Unternehmen gibt es immer Platz f\u00fcr Praktikanten und m\u00f6gliche Studienauftr\u00e4ge und\/oder Abschlu\u00dfarbeiten. Auf der Suche nach einem Praktikumsplatz? Schicken Sie Ihr Bewerbungsschreiben dann an info@apdubex.com oder rufen Sie uns an 0031 599 696 000!\" \/>\n<meta property=\"og:url\" content=\"https:\/\/apdubex.com\/de\/stellenangebote\/\" \/>\n<meta property=\"og:site_name\" content=\"AP Dubex\" \/>\n<meta property=\"article:modified_time\" content=\"2023-07-06T12:01:02+00:00\" \/>\n<meta name=\"twitter:card\" content=\"summary_large_image\" \/>\n<meta name=\"twitter:label1\" content=\"Gesch\u00e4tzte Lesezeit\" \/>\n\t<meta name=\"twitter:data1\" content=\"4 minutes\" \/>\n<script type=\"application\/ld+json\" class=\"yoast-schema-graph\">{\"@context\":\"https:\\\/\\\/schema.org\",\"@graph\":[{\"@type\":\"WebPage\",\"@id\":\"https:\\\/\\\/apdubex.com\\\/de\\\/stellenangebote\\\/\",\"url\":\"https:\\\/\\\/apdubex.com\\\/de\\\/stellenangebote\\\/\",\"name\":\"Stellenangebote - AP Dubex\",\"isPartOf\":{\"@id\":\"https:\\\/\\\/apdubex.com\\\/de\\\/#website\"},\"datePublished\":\"2023-07-06T12:01:01+00:00\",\"dateModified\":\"2023-07-06T12:01:02+00:00\",\"breadcrumb\":{\"@id\":\"https:\\\/\\\/apdubex.com\\\/de\\\/stellenangebote\\\/#breadcrumb\"},\"inLanguage\":\"de-DE\",\"potentialAction\":[{\"@type\":\"ReadAction\",\"target\":[\"https:\\\/\\\/apdubex.com\\\/de\\\/stellenangebote\\\/\"]}]},{\"@type\":\"BreadcrumbList\",\"@id\":\"https:\\\/\\\/apdubex.com\\\/de\\\/stellenangebote\\\/#breadcrumb\",\"itemListElement\":[{\"@type\":\"ListItem\",\"position\":1,\"name\":\"Home\",\"item\":\"https:\\\/\\\/apdubex.com\\\/de\\\/\"},{\"@type\":\"ListItem\",\"position\":2,\"name\":\"Stellenangebote\"}]},{\"@type\":\"WebSite\",\"@id\":\"https:\\\/\\\/apdubex.com\\\/de\\\/#website\",\"url\":\"https:\\\/\\\/apdubex.com\\\/de\\\/\",\"name\":\"AP Dubex\",\"description\":\"Haal het maximale uit uw gewasbescherming\",\"potentialAction\":[{\"@type\":\"SearchAction\",\"target\":{\"@type\":\"EntryPoint\",\"urlTemplate\":\"https:\\\/\\\/apdubex.com\\\/de\\\/?s={search_term_string}\"},\"query-input\":{\"@type\":\"PropertyValueSpecification\",\"valueRequired\":true,\"valueName\":\"search_term_string\"}}],\"inLanguage\":\"de-DE\"}]}<\/script>\n<!-- \/ Yoast SEO plugin. -->","yoast_head_json":{"title":"Stellenangebote - AP Dubex","robots":{"index":"index","follow":"follow","max-snippet":"max-snippet:-1","max-image-preview":"max-image-preview:large","max-video-preview":"max-video-preview:-1"},"canonical":"https:\/\/apdubex.com\/de\/stellenangebote\/","og_locale":"de_DE","og_type":"article","og_title":"Stellenangebote - AP Dubex","og_description":"StellenangeboteAP Dubex BV ist ein wachsendes Unternehmen und st\u00e4ndig auf der Suche nach motivierten und engagierten neuen Mitarbeitern. Klicken Sie auf den untenstehenden Button um die vakante Stellen zu sehen. Wird Ihr Traumberuf hier nicht erw\u00e4hnt? Sie haben au\u00dferdem die M\u00f6glichkeit uns eine Initiativbewerbung zu schicken. In unseren Unternehmen gibt es immer Platz f\u00fcr Praktikanten und m\u00f6gliche Studienauftr\u00e4ge und\/oder Abschlu\u00dfarbeiten. Auf der Suche nach einem Praktikumsplatz? Schicken Sie Ihr Bewerbungsschreiben dann an info@apdubex.com oder rufen Sie uns an 0031 599 696 000!","og_url":"https:\/\/apdubex.com\/de\/stellenangebote\/","og_site_name":"AP Dubex","article_modified_time":"2023-07-06T12:01:02+00:00","twitter_card":"summary_large_image","twitter_misc":{"Gesch\u00e4tzte Lesezeit":"4 minutes"},"schema":{"@context":"https:\/\/schema.org","@graph":[{"@type":"WebPage","@id":"https:\/\/apdubex.com\/de\/stellenangebote\/","url":"https:\/\/apdubex.com\/de\/stellenangebote\/","name":"Stellenangebote - AP Dubex","isPartOf":{"@id":"https:\/\/apdubex.com\/de\/#website"},"datePublished":"2023-07-06T12:01:01+00:00","dateModified":"2023-07-06T12:01:02+00:00","breadcrumb":{"@id":"https:\/\/apdubex.com\/de\/stellenangebote\/#breadcrumb"},"inLanguage":"de-DE","potentialAction":[{"@type":"ReadAction","target":["https:\/\/apdubex.com\/de\/stellenangebote\/"]}]},{"@type":"BreadcrumbList","@id":"https:\/\/apdubex.com\/de\/stellenangebote\/#breadcrumb","itemListElement":[{"@type":"ListItem","position":1,"name":"Home","item":"https:\/\/apdubex.com\/de\/"},{"@type":"ListItem","position":2,"name":"Stellenangebote"}]},{"@type":"WebSite","@id":"https:\/\/apdubex.com\/de\/#website","url":"https:\/\/apdubex.com\/de\/","name":"AP Dubex","description":"Haal het maximale uit uw gewasbescherming","potentialAction":[{"@type":"SearchAction","target":{"@type":"EntryPoint","urlTemplate":"https:\/\/apdubex.com\/de\/?s={search_term_string}"},"query-input":{"@type":"PropertyValueSpecification","valueRequired":true,"valueName":"search_term_string"}}],"inLanguage":"de-DE"}]}},"_links":{"self":[{"href":"https:\/\/apdubex.com\/de\/wp-json\/wp\/v2\/pages\/2876","targetHints":{"allow":["GET"]}}],"collection":[{"href":"https:\/\/apdubex.com\/de\/wp-json\/wp\/v2\/pages"}],"about":[{"href":"https:\/\/apdubex.com\/de\/wp-json\/wp\/v2\/types\/page"}],"author":[{"embeddable":true,"href":"https:\/\/apdubex.com\/de\/wp-json\/wp\/v2\/users\/2"}],"replies":[{"embeddable":true,"href":"https:\/\/apdubex.com\/de\/wp-json\/wp\/v2\/comments?post=2876"}],"version-history":[{"count":2,"href":"https:\/\/apdubex.com\/de\/wp-json\/wp\/v2\/pages\/2876\/revisions"}],"predecessor-version":[{"id":2878,"href":"https:\/\/apdubex.com\/de\/wp-json\/wp\/v2\/pages\/2876\/revisions\/2878"}],"wp:attachment":[{"href":"https:\/\/apdubex.com\/de\/wp-json\/wp\/v2\/media?parent=2876"}],"curies":[{"name":"wp","href":"https:\/\/api.w.org\/{rel}","templated":true}]}}