{"id":2816,"date":"2023-07-05T11:17:15","date_gmt":"2023-07-05T09:17:15","guid":{"rendered":"https:\/\/apdubex.com\/abdriftreduzierung\/"},"modified":"2023-07-18T13:47:00","modified_gmt":"2023-07-18T11:47:00","slug":"abdriftreduzierung","status":"publish","type":"page","link":"https:\/\/apdubex.com\/de\/abdriftreduzierung\/","title":{"rendered":"Abdriftreduzierung"},"content":{"rendered":"<p>[et_pb_section fb_built=&#8221;1&#8243; admin_label=&#8221;section&#8221; _builder_version=&#8221;4.18.0&#8243; _module_preset=&#8221;default&#8221; background_color=&#8221;#1D1D1B&#8221; custom_padding=&#8221;30px||30px||true|false&#8221; border_width_bottom=&#8221;15px&#8221; border_color_bottom=&#8221;#FFCA00&#8243; global_colors_info=&#8221;{}&#8221;][et_pb_row make_equal=&#8221;on&#8221; admin_label=&#8221;row&#8221; _builder_version=&#8221;4.18.0&#8243; _module_preset=&#8221;84434dc8-c38a-4460-928f-55bc3653f8e9&#8243; background_size=&#8221;initial&#8221; background_position=&#8221;top_left&#8221; background_repeat=&#8221;repeat&#8221; custom_margin=&#8221;|auto|-25px|auto||&#8221; global_colors_info=&#8221;{}&#8221;][et_pb_column type=&#8221;4_4&#8243; _builder_version=&#8221;4.18.0&#8243; _module_preset=&#8221;default&#8221; custom_padding=&#8221;|||&#8221; custom_padding_tablet=&#8221;||50px||false|false&#8221; custom_padding_phone=&#8221;||50px||false|false&#8221; custom_padding_last_edited=&#8221;on|phone&#8221; custom_css_main_element=&#8221;margin: auto;&#8221; global_colors_info=&#8221;{}&#8221; custom_padding__hover=&#8221;|||&#8221;][et_pb_text _builder_version=&#8221;4.18.0&#8243; _module_preset=&#8221;263d14e1-6c70-4d2c-b643-b1505512ae2b&#8221; custom_margin=&#8221;||10px||false|false&#8221; global_colors_info=&#8221;{}&#8221;]<\/p>\n<h1>Abdriftreduzierung<\/h1>\n<p>[\/et_pb_text][et_pb_text _builder_version=&#8221;4.21.0&#8243; _module_preset=&#8221;263d14e1-6c70-4d2c-b643-b1505512ae2b&#8221; background_layout=&#8221;dark&#8221; width=&#8221;85%&#8221; max_width=&#8221;590%&#8221; custom_margin=&#8221;0px||||false|false&#8221; custom_padding=&#8221;9px||||false|false&#8221; hover_enabled=&#8221;0&#8243; global_colors_info=&#8221;{}&#8221; sticky_enabled=&#8221;0&#8243;]<\/p>\n<h3>AP Dubex Wave<\/h3>\n<p><span>Mit dem von AP Dubex entwickelten Wave-System kann eine Abdriftreduzierung von 99%* erreicht werden. Durch Verwendung durchsichtiger Schirme k\u00f6nnen Sie die Spritzd\u00fcsen \u00fcberwachen und erzielen Sie maximale Abdriftreduzierung.<\/span><\/p>\n<p><span>Mit kleinen Wassertropfen kann eine h\u00f6here Benetzung erzielt werden. Kleine Tropfen haben allerdings den Nachteil, dass sie mit der traditionellen Spritztechnik hoher Abdrift unterliegen. Mit unserem Wave-System wird die Abdrift kleiner Tropfen nahezu eliminiert.<\/span><\/p>\n<p>&nbsp;<\/p>\n<p>[\/et_pb_text][\/et_pb_column][\/et_pb_row][et_pb_row column_structure=&#8221;1_3,1_3,1_3&#8243; _builder_version=&#8221;4.18.0&#8243; _module_preset=&#8221;default&#8221; global_colors_info=&#8221;{}&#8221;][et_pb_column type=&#8221;1_3&#8243; _builder_version=&#8221;4.18.0&#8243; _module_preset=&#8221;default&#8221; global_colors_info=&#8221;{}&#8221;][et_pb_image src=&#8221;https:\/\/apdubex.com\/wp-content\/uploads\/2022\/08\/DSA00902-scaled.jpg&#8221; alt=&#8221;AP Dubex Firmenbrosch\u00fcre&#8221; title_text=&#8221;AP Dubex Firmenbrosch\u00fcre&#8221; _builder_version=&#8221;4.18.0&#8243; _module_preset=&#8221;default&#8221; global_colors_info=&#8221;{}&#8221;][\/et_pb_image][\/et_pb_column][et_pb_column type=&#8221;1_3&#8243; _builder_version=&#8221;4.18.0&#8243; _module_preset=&#8221;default&#8221; global_colors_info=&#8221;{}&#8221;][et_pb_image src=&#8221;https:\/\/apdubex.com\/wp-content\/uploads\/2022\/11\/Dubex-15-scaled.jpg&#8221; title_text=&#8221;Dubex (15)&#8221; _builder_version=&#8221;4.18.0&#8243; _module_preset=&#8221;default&#8221; global_colors_info=&#8221;{}&#8221;][\/et_pb_image][\/et_pb_column][et_pb_column type=&#8221;1_3&#8243; _builder_version=&#8221;4.18.0&#8243; _module_preset=&#8221;default&#8221; global_colors_info=&#8221;{}&#8221;][et_pb_button button_url=&#8221;https:\/\/apdubex.com\/de\/wave\/&#8221; url_new_window=&#8221;on&#8221; button_text=&#8221;Weiterlesen&#8221; _builder_version=&#8221;4.18.0&#8243; _module_preset=&#8221;default&#8221; global_colors_info=&#8221;{}&#8221;][\/et_pb_button][\/et_pb_column][\/et_pb_row][\/et_pb_section][et_pb_section fb_built=&#8221;1&#8243; custom_padding_last_edited=&#8221;on|phone&#8221; _builder_version=&#8221;4.19.3&#8243; _module_preset=&#8221;default&#8221; background_color=&#8221;#F0F3F5&#8243; custom_padding=&#8221;13px|||||&#8221; custom_padding_tablet=&#8221;&#8221; custom_padding_phone=&#8221;0px||||false|false&#8221; global_colors_info=&#8221;{}&#8221;][et_pb_row _builder_version=&#8221;4.18.0&#8243; _module_preset=&#8221;84434dc8-c38a-4460-928f-55bc3653f8e9&#8243; custom_margin=&#8221;|auto|-31px|auto||&#8221; global_colors_info=&#8221;{}&#8221;][et_pb_column type=&#8221;4_4&#8243; _builder_version=&#8221;4.18.0&#8243; _module_preset=&#8221;default&#8221; global_colors_info=&#8221;{}&#8221;][et_pb_text _builder_version=&#8221;4.18.0&#8243; _module_preset=&#8221;263d14e1-6c70-4d2c-b643-b1505512ae2b&#8221; text_font=&#8221;|700|||||||&#8221; text_font_size=&#8221;40px&#8221; text_line_height=&#8221;47px&#8221; background_color=&#8221;#FFCA00&#8243; custom_margin=&#8221;||||false|false&#8221; custom_margin_tablet=&#8221;||||false|false&#8221; custom_margin_phone=&#8221;||||false|false&#8221; custom_margin_last_edited=&#8221;on|phone&#8221; custom_padding=&#8221;6px|16px|6px|16px|true|true&#8221; text_font_size_tablet=&#8221;40px&#8221; text_font_size_phone=&#8221;30px&#8221; text_font_size_last_edited=&#8221;on|phone&#8221; text_line_height_tablet=&#8221;47px&#8221; text_line_height_phone=&#8221;35px&#8221; text_line_height_last_edited=&#8221;on|phone&#8221; custom_css_main_element=&#8221;max-width: fit-content;&#8221; locked=&#8221;off&#8221; global_colors_info=&#8221;{}&#8221;]<\/p>\n<p>Turbulance<\/p>\n<p>[\/et_pb_text][\/et_pb_column][\/et_pb_row][et_pb_row _builder_version=&#8221;4.18.0&#8243; _module_preset=&#8221;84434dc8-c38a-4460-928f-55bc3653f8e9&#8243; custom_margin=&#8221;-12px|auto||auto|false|false&#8221; global_colors_info=&#8221;{}&#8221;][et_pb_column type=&#8221;4_4&#8243; _builder_version=&#8221;4.18.0&#8243; _module_preset=&#8221;default&#8221; global_colors_info=&#8221;{}&#8221;][et_pb_text _builder_version=&#8221;4.19.3&#8243; _module_preset=&#8221;default&#8221; global_colors_info=&#8221;{}&#8221;]<\/p>\n<p>Luftunterst\u00fctzung mit abw\u00e4rtslaufendem Luftstrom. Die AP Dubex Spritze mit Luftunterst\u00fctzung bietet beim Gebrauch einer 90% abdriftmindernden D\u00fcse und 50 cm D\u00fcsenabstand eine Abdriftreduzierung von 95%. Kombiniert mit einem tiefen Spritzgest\u00e4nge und einer 50% abdriftmindernden D\u00fcse mit einem Spritzwinkel von max. 90\u2070 und 25 cm D\u00fcsenabstand wird sogar eine Abdriftreduzierung von 97,5% erreicht.<\/p>\n<p>AP Dubex TURBULANCE Luftunterst\u00fctzung verf\u00fcgt \u00fcber ein separates, hydraulisches System, das den L\u00fcfter antreibt.<\/p>\n<p>Dieser zentral montierte L\u00fcfter sorgt f\u00fcr die Luftzufuhr zum linken und rechten Luftsack. Die Luft str\u00f6mt durch \u00d6ffnungen, unten in dem Luftsack und nimmt auf diese Weise die Wassertropfen f\u00fcr ein besseres Eindringen in den Bestand mit und gew\u00e4hrleistet gleichzeitig eine optimale Benetzung. So kann der Verbrauch von Wasser und Pflanzenschutzmitteln reduziert werden, was zu einer erheblichen Leistungserh\u00f6hung f\u00fchrt und Ihnen die M\u00f6glichkeit f\u00fcr Sie ein besseres Timing der Pflanzenschutzma\u00dfnahme bietet.<\/p>\n<p>[\/et_pb_text][\/et_pb_column][\/et_pb_row][\/et_pb_section][et_pb_section fb_built=&#8221;1&#8243; admin_label=&#8221;section&#8221; _builder_version=&#8221;4.18.0&#8243; _module_preset=&#8221;default&#8221; background_color=&#8221;#1D1D1B&#8221; custom_margin=&#8221;||-21px|||&#8221; custom_padding=&#8221;30px||30px||true|false&#8221; border_width_bottom=&#8221;15px&#8221; border_color_bottom=&#8221;#FFCA00&#8243; global_colors_info=&#8221;{}&#8221;][et_pb_row make_equal=&#8221;on&#8221; admin_label=&#8221;row&#8221; _builder_version=&#8221;4.18.0&#8243; _module_preset=&#8221;84434dc8-c38a-4460-928f-55bc3653f8e9&#8243; background_size=&#8221;initial&#8221; background_position=&#8221;top_left&#8221; background_repeat=&#8221;repeat&#8221; custom_margin=&#8221;|auto|-25px|auto||&#8221; global_colors_info=&#8221;{}&#8221;][et_pb_column type=&#8221;4_4&#8243; _builder_version=&#8221;4.18.0&#8243; _module_preset=&#8221;default&#8221; custom_padding=&#8221;|||&#8221; custom_padding_tablet=&#8221;||50px||false|false&#8221; custom_padding_phone=&#8221;||50px||false|false&#8221; custom_padding_last_edited=&#8221;on|phone&#8221; custom_css_main_element=&#8221;margin: auto;&#8221; global_colors_info=&#8221;{}&#8221; custom_padding__hover=&#8221;|||&#8221;][et_pb_text _builder_version=&#8221;4.18.0&#8243; _module_preset=&#8221;263d14e1-6c70-4d2c-b643-b1505512ae2b&#8221; text_font=&#8221;|700|||||||&#8221; text_font_size=&#8221;40px&#8221; text_line_height=&#8221;47px&#8221; background_color=&#8221;#FFCA00&#8243; custom_margin=&#8221;-85px||0px||false|false&#8221; custom_margin_tablet=&#8221;||||false|false&#8221; custom_margin_phone=&#8221;||||false|false&#8221; custom_margin_last_edited=&#8221;on|phone&#8221; custom_padding=&#8221;6px|16px|6px|16px|true|true&#8221; text_font_size_tablet=&#8221;40px&#8221; text_font_size_phone=&#8221;30px&#8221; text_font_size_last_edited=&#8221;on|phone&#8221; text_line_height_tablet=&#8221;47px&#8221; text_line_height_phone=&#8221;35px&#8221; text_line_height_last_edited=&#8221;on|phone&#8221; custom_css_main_element=&#8221;max-width: fit-content;&#8221; locked=&#8221;off&#8221; global_colors_info=&#8221;{}&#8221;]<\/p>\n<p>Verringerte Spritzgest\u00e4nge<\/p>\n<p>[\/et_pb_text][et_pb_text _builder_version=&#8221;4.18.0&#8243; _module_preset=&#8221;default&#8221; text_font=&#8221;|600|||||||&#8221; text_font_size=&#8221;22px&#8221; background_color=&#8221;#FFFFFF&#8221; custom_margin=&#8221;|79px||0px|false|false&#8221; custom_padding=&#8221;6px|16px|6px|16px|false|false&#8221; custom_css_main_element=&#8221;max-width: max-content;&#8221; global_colors_info=&#8221;{}&#8221;]<\/p>\n<p>mit 25 cm D\u00fcsenabstand<\/p>\n<p>[\/et_pb_text][\/et_pb_column][\/et_pb_row][et_pb_row _builder_version=&#8221;4.19.3&#8243; _module_preset=&#8221;default&#8221; global_colors_info=&#8221;{}&#8221;][et_pb_column type=&#8221;4_4&#8243; _builder_version=&#8221;4.18.0&#8243; _module_preset=&#8221;default&#8221; global_colors_info=&#8221;{}&#8221;][et_pb_text _builder_version=&#8221;4.19.3&#8243; _module_preset=&#8221;default&#8221; custom_margin=&#8221;-5px||||false|false&#8221; custom_padding=&#8221;0px|||||&#8221; global_colors_info=&#8221;{}&#8221;]<\/p>\n<p><span style=\"color: #ffffff;\">Mit einer AP Dubex Feldspritze kann mit der abdriftmindernden Methode \u201cverringerte Spritzgest\u00e4nge kombiniert mit 25 cm D\u00fcsenabstand\u201d Abdriftminderungsklasse 95% erzielt werden (nach niederl\u00e4ndischen Regularien). W\u00e4hlen Sie hierzu Spritzd\u00fcsen mit mindestens Abdrift-minderungsklasse 50% mit einem maximalen Spr\u00fchwinkel von 90\u00b0.<\/span><br \/><span style=\"color: #ffffff;\">Die H\u00f6he zwischen Spritzd\u00fcsen und Bestand oder Boden (wenn keiner Bestand vorhanden ist), ist maximal 30 cm (gilt nicht in Deutschland).<\/span><\/p>\n<p><span style=\"color: #ffffff;\">Dieser D\u00fcsenabstand von 25 cm kann auch mit einer A-B-Schaltung versehen werden. Mit diesem System, k\u00f6nnen Sie am Terminal w\u00e4hlen zwischen spritzen mit \u201cA-D\u00fcse\u201d (normale 50 cm D\u00fcse), mit \u201cB-D\u00fcse\u201d (montiert zwischen \u201cA-D\u00fcsen\u201d) oder Sie k\u00f6nnen mit \u201cA und B gleichzeitig\u201d (25 cm D\u00fcsenabstand) spritzen.<\/span><br \/><span style=\"color: #ffffff;\">Selbstverst\u00e4ndlich k\u00f6nnen Sie f\u00fcr Position A und B aus einem breiten Sortiment an D\u00fcsenhaltern ausw\u00e4hlen, zum Beispiel ein Dreifach-D\u00fcsenhalter an Position A und ein Einzeld\u00fcsenhalter an Position B.<\/span><\/p>\n<p>[\/et_pb_text][\/et_pb_column][\/et_pb_row][et_pb_row column_structure=&#8221;3_5,2_5&#8243; _builder_version=&#8221;4.18.0&#8243; _module_preset=&#8221;default&#8221; global_colors_info=&#8221;{}&#8221;][et_pb_column type=&#8221;3_5&#8243; _builder_version=&#8221;4.18.0&#8243; _module_preset=&#8221;default&#8221; global_colors_info=&#8221;{}&#8221;][et_pb_image src=&#8221;https:\/\/apdubex.com\/wp-content\/uploads\/2022\/11\/Verlaagde-spuitboom-1024&#215;369.png&#8221; title_text=&#8221;Verringerte Spritzgest\u00e4nge&#8221; _builder_version=&#8221;4.18.0&#8243; _module_preset=&#8221;default&#8221; global_colors_info=&#8221;{}&#8221;][\/et_pb_image][\/et_pb_column][et_pb_column type=&#8221;2_5&#8243; _builder_version=&#8221;4.18.0&#8243; _module_preset=&#8221;default&#8221; global_colors_info=&#8221;{}&#8221;][et_pb_text _builder_version=&#8221;4.18.0&#8243; _module_preset=&#8221;default&#8221; global_colors_info=&#8221;{}&#8221;]<\/p>\n<p><span style=\"color: #ffffff;\">* Achtung : <br \/>diese Prozents\u00e4tze gelten f\u00fcr das niederl\u00e4ndische Recht und sind nur indikativ f\u00fcr ausl\u00e4ndische Rechte.<\/span><\/p>\n<p>[\/et_pb_text][\/et_pb_column][\/et_pb_row][\/et_pb_section][et_pb_section fb_built=&#8221;1&#8243; custom_padding_last_edited=&#8221;on|phone&#8221; _builder_version=&#8221;4.19.3&#8243; _module_preset=&#8221;default&#8221; background_color=&#8221;#F0F3F5&#8243; custom_padding=&#8221;13px|||||&#8221; custom_padding_tablet=&#8221;&#8221; custom_padding_phone=&#8221;0px||||false|false&#8221; global_colors_info=&#8221;{}&#8221;][et_pb_row column_structure=&#8221;1_2,1_2&#8243; _builder_version=&#8221;4.19.3&#8243; _module_preset=&#8221;84434dc8-c38a-4460-928f-55bc3653f8e9&#8243; custom_margin=&#8221;|auto|-31px|auto||&#8221; global_colors_info=&#8221;{}&#8221;][et_pb_column type=&#8221;1_2&#8243; _builder_version=&#8221;4.18.0&#8243; _module_preset=&#8221;default&#8221; global_colors_info=&#8221;{}&#8221;][et_pb_image src=&#8221;https:\/\/apdubex.com\/wp-content\/uploads\/2023\/02\/Dubex-15-scaled.jpg&#8221; alt=&#8221;AP Dubex&#8221; title_text=&#8221;AP Dubex&#8221; _builder_version=&#8221;4.19.3&#8243; _module_preset=&#8221;default&#8221; global_colors_info=&#8221;{}&#8221;][\/et_pb_image][\/et_pb_column][et_pb_column type=&#8221;1_2&#8243; _builder_version=&#8221;4.19.3&#8243; _module_preset=&#8221;default&#8221; global_colors_info=&#8221;{}&#8221;][et_pb_image src=&#8221;https:\/\/apdubex.com\/wp-content\/uploads\/2023\/02\/DSC07384-scaled.jpg&#8221; alt=&#8221;AP Dubex&#8221; title_text=&#8221;AP Dubex&#8221; _builder_version=&#8221;4.19.3&#8243; _module_preset=&#8221;default&#8221; global_colors_info=&#8221;{}&#8221;][\/et_pb_image][\/et_pb_column][\/et_pb_row][\/et_pb_section][et_pb_section fb_built=&#8221;1&#8243; fullwidth=&#8221;on&#8221; _builder_version=&#8221;4.19.3&#8243; _module_preset=&#8221;default&#8221; background_color=&#8221;#F0F3F5&#8243; global_colors_info=&#8221;{}&#8221;][\/et_pb_section][et_pb_section fb_built=&#8221;1&#8243; custom_padding_last_edited=&#8221;on|phone&#8221; _builder_version=&#8221;4.19.3&#8243; _module_preset=&#8221;default&#8221; background_color=&#8221;#F0F3F5&#8243; custom_padding=&#8221;13px||0px|||&#8221; custom_padding_tablet=&#8221;&#8221; custom_padding_phone=&#8221;0px||||false|false&#8221; global_colors_info=&#8221;{}&#8221;][et_pb_row column_structure=&#8221;1_2,1_2&#8243; _builder_version=&#8221;4.18.0&#8243; _module_preset=&#8221;84434dc8-c38a-4460-928f-55bc3653f8e9&#8243; custom_margin=&#8221;|auto|-31px|auto||&#8221; custom_padding=&#8221;||49px|||&#8221; global_colors_info=&#8221;{}&#8221;][et_pb_column type=&#8221;1_2&#8243; _builder_version=&#8221;4.18.0&#8243; _module_preset=&#8221;default&#8221; global_colors_info=&#8221;{}&#8221;][\/et_pb_column][et_pb_column type=&#8221;1_2&#8243; _builder_version=&#8221;4.18.0&#8243; _module_preset=&#8221;default&#8221; global_colors_info=&#8221;{}&#8221;][\/et_pb_column][\/et_pb_row][\/et_pb_section]<\/p>\n","protected":false},"excerpt":{"rendered":"<p>AbdriftreduzierungAP Dubex Wave Mit dem von AP Dubex entwickelten Wave-System kann eine Abdriftreduzierung von 99%* erreicht werden. Durch Verwendung durchsichtiger Schirme k\u00f6nnen Sie die Spritzd\u00fcsen \u00fcberwachen und erzielen Sie maximale Abdriftreduzierung. Mit kleinen Wassertropfen kann eine h\u00f6here Benetzung erzielt werden. Kleine Tropfen haben allerdings den Nachteil, dass sie mit der traditionellen Spritztechnik hoher Abdrift unterliegen. Mit unserem Wave-System wird die Abdrift kleiner Tropfen nahezu eliminiert. &nbsp;TurbulanceLuftunterst\u00fctzung mit abw\u00e4rtslaufendem Luftstrom. Die AP Dubex Spritze mit Luftunterst\u00fctzung bietet beim Gebrauch einer 90% abdriftmindernden D\u00fcse und 50 cm D\u00fcsenabstand eine Abdriftreduzierung von 95%. Kombiniert mit einem tiefen Spritzgest\u00e4nge und einer 50% abdriftmindernden D\u00fcse mit einem Spritzwinkel von max. 90\u2070 und 25 cm D\u00fcsenabstand wird sogar eine Abdriftreduzierung von 97,5% erreicht. AP Dubex TURBULANCE Luftunterst\u00fctzung verf\u00fcgt \u00fcber ein separates, hydraulisches System, das den L\u00fcfter antreibt. Dieser zentral montierte L\u00fcfter sorgt f\u00fcr die Luftzufuhr zum linken und rechten Luftsack. Die Luft str\u00f6mt durch \u00d6ffnungen, unten in dem Luftsack und nimmt auf diese Weise die Wassertropfen f\u00fcr ein besseres Eindringen in den Bestand mit und gew\u00e4hrleistet gleichzeitig eine optimale Benetzung. So kann der Verbrauch von Wasser und Pflanzenschutzmitteln reduziert werden, was zu einer erheblichen Leistungserh\u00f6hung f\u00fchrt und Ihnen die M\u00f6glichkeit f\u00fcr Sie ein besseres Timing der [&hellip;]<\/p>\n","protected":false},"author":2,"featured_media":0,"parent":0,"menu_order":0,"comment_status":"closed","ping_status":"closed","template":"","meta":{"_et_pb_use_builder":"on","_et_pb_old_content":"","_et_gb_content_width":"","footnotes":""},"class_list":["post-2816","page","type-page","status-publish","hentry"],"yoast_head":"<!-- This site is optimized with the Yoast SEO plugin v27.4 - https:\/\/yoast.com\/product\/yoast-seo-wordpress\/ -->\n<title>Abdriftreduzierung von 99% 99% | AP Dubex<\/title>\n<meta name=\"description\" content=\"Mit dem von AP Dubex entwickelten Wave-System kann, durch Verwendung durchsichtiger Schirme, eine Abdriftreduzierung von 99%* erreicht werden.\" \/>\n<meta name=\"robots\" content=\"index, follow, max-snippet:-1, max-image-preview:large, max-video-preview:-1\" \/>\n<link rel=\"canonical\" href=\"https:\/\/apdubex.com\/de\/abdriftreduzierung\/\" \/>\n<meta property=\"og:locale\" content=\"de_DE\" \/>\n<meta property=\"og:type\" content=\"article\" \/>\n<meta property=\"og:title\" content=\"Abdriftreduzierung von 99% 99% | AP Dubex\" \/>\n<meta property=\"og:description\" content=\"Mit dem von AP Dubex entwickelten Wave-System kann, durch Verwendung durchsichtiger Schirme, eine Abdriftreduzierung von 99%* erreicht werden.\" \/>\n<meta property=\"og:url\" content=\"https:\/\/apdubex.com\/de\/abdriftreduzierung\/\" \/>\n<meta property=\"og:site_name\" content=\"AP Dubex\" \/>\n<meta property=\"article:modified_time\" content=\"2023-07-18T11:47:00+00:00\" \/>\n<meta name=\"twitter:card\" content=\"summary_large_image\" \/>\n<meta name=\"twitter:label1\" content=\"Gesch\u00e4tzte Lesezeit\" \/>\n\t<meta name=\"twitter:data1\" content=\"8 minutes\" \/>\n<script type=\"application\/ld+json\" class=\"yoast-schema-graph\">{\"@context\":\"https:\\\/\\\/schema.org\",\"@graph\":[{\"@type\":\"WebPage\",\"@id\":\"https:\\\/\\\/apdubex.com\\\/de\\\/abdriftreduzierung\\\/\",\"url\":\"https:\\\/\\\/apdubex.com\\\/de\\\/abdriftreduzierung\\\/\",\"name\":\"Abdriftreduzierung von 99% 99% | AP Dubex\",\"isPartOf\":{\"@id\":\"https:\\\/\\\/apdubex.com\\\/de\\\/#website\"},\"datePublished\":\"2023-07-05T09:17:15+00:00\",\"dateModified\":\"2023-07-18T11:47:00+00:00\",\"description\":\"Mit dem von AP Dubex entwickelten Wave-System kann, durch Verwendung durchsichtiger Schirme, eine Abdriftreduzierung von 99%* erreicht werden.\",\"breadcrumb\":{\"@id\":\"https:\\\/\\\/apdubex.com\\\/de\\\/abdriftreduzierung\\\/#breadcrumb\"},\"inLanguage\":\"de-DE\",\"potentialAction\":[{\"@type\":\"ReadAction\",\"target\":[\"https:\\\/\\\/apdubex.com\\\/de\\\/abdriftreduzierung\\\/\"]}]},{\"@type\":\"BreadcrumbList\",\"@id\":\"https:\\\/\\\/apdubex.com\\\/de\\\/abdriftreduzierung\\\/#breadcrumb\",\"itemListElement\":[{\"@type\":\"ListItem\",\"position\":1,\"name\":\"Home\",\"item\":\"https:\\\/\\\/apdubex.com\\\/de\\\/\"},{\"@type\":\"ListItem\",\"position\":2,\"name\":\"Abdriftreduzierung\"}]},{\"@type\":\"WebSite\",\"@id\":\"https:\\\/\\\/apdubex.com\\\/de\\\/#website\",\"url\":\"https:\\\/\\\/apdubex.com\\\/de\\\/\",\"name\":\"AP Dubex\",\"description\":\"Haal het maximale uit uw gewasbescherming\",\"potentialAction\":[{\"@type\":\"SearchAction\",\"target\":{\"@type\":\"EntryPoint\",\"urlTemplate\":\"https:\\\/\\\/apdubex.com\\\/de\\\/?s={search_term_string}\"},\"query-input\":{\"@type\":\"PropertyValueSpecification\",\"valueRequired\":true,\"valueName\":\"search_term_string\"}}],\"inLanguage\":\"de-DE\"}]}<\/script>\n<!-- \/ Yoast SEO plugin. -->","yoast_head_json":{"title":"Abdriftreduzierung von 99% 99% | AP Dubex","description":"Mit dem von AP Dubex entwickelten Wave-System kann, durch Verwendung durchsichtiger Schirme, eine Abdriftreduzierung von 99%* erreicht werden.","robots":{"index":"index","follow":"follow","max-snippet":"max-snippet:-1","max-image-preview":"max-image-preview:large","max-video-preview":"max-video-preview:-1"},"canonical":"https:\/\/apdubex.com\/de\/abdriftreduzierung\/","og_locale":"de_DE","og_type":"article","og_title":"Abdriftreduzierung von 99% 99% | AP Dubex","og_description":"Mit dem von AP Dubex entwickelten Wave-System kann, durch Verwendung durchsichtiger Schirme, eine Abdriftreduzierung von 99%* erreicht werden.","og_url":"https:\/\/apdubex.com\/de\/abdriftreduzierung\/","og_site_name":"AP Dubex","article_modified_time":"2023-07-18T11:47:00+00:00","twitter_card":"summary_large_image","twitter_misc":{"Gesch\u00e4tzte Lesezeit":"8 minutes"},"schema":{"@context":"https:\/\/schema.org","@graph":[{"@type":"WebPage","@id":"https:\/\/apdubex.com\/de\/abdriftreduzierung\/","url":"https:\/\/apdubex.com\/de\/abdriftreduzierung\/","name":"Abdriftreduzierung von 99% 99% | AP Dubex","isPartOf":{"@id":"https:\/\/apdubex.com\/de\/#website"},"datePublished":"2023-07-05T09:17:15+00:00","dateModified":"2023-07-18T11:47:00+00:00","description":"Mit dem von AP Dubex entwickelten Wave-System kann, durch Verwendung durchsichtiger Schirme, eine Abdriftreduzierung von 99%* erreicht werden.","breadcrumb":{"@id":"https:\/\/apdubex.com\/de\/abdriftreduzierung\/#breadcrumb"},"inLanguage":"de-DE","potentialAction":[{"@type":"ReadAction","target":["https:\/\/apdubex.com\/de\/abdriftreduzierung\/"]}]},{"@type":"BreadcrumbList","@id":"https:\/\/apdubex.com\/de\/abdriftreduzierung\/#breadcrumb","itemListElement":[{"@type":"ListItem","position":1,"name":"Home","item":"https:\/\/apdubex.com\/de\/"},{"@type":"ListItem","position":2,"name":"Abdriftreduzierung"}]},{"@type":"WebSite","@id":"https:\/\/apdubex.com\/de\/#website","url":"https:\/\/apdubex.com\/de\/","name":"AP Dubex","description":"Haal het maximale uit uw gewasbescherming","potentialAction":[{"@type":"SearchAction","target":{"@type":"EntryPoint","urlTemplate":"https:\/\/apdubex.com\/de\/?s={search_term_string}"},"query-input":{"@type":"PropertyValueSpecification","valueRequired":true,"valueName":"search_term_string"}}],"inLanguage":"de-DE"}]}},"_links":{"self":[{"href":"https:\/\/apdubex.com\/de\/wp-json\/wp\/v2\/pages\/2816","targetHints":{"allow":["GET"]}}],"collection":[{"href":"https:\/\/apdubex.com\/de\/wp-json\/wp\/v2\/pages"}],"about":[{"href":"https:\/\/apdubex.com\/de\/wp-json\/wp\/v2\/types\/page"}],"author":[{"embeddable":true,"href":"https:\/\/apdubex.com\/de\/wp-json\/wp\/v2\/users\/2"}],"replies":[{"embeddable":true,"href":"https:\/\/apdubex.com\/de\/wp-json\/wp\/v2\/comments?post=2816"}],"version-history":[{"count":5,"href":"https:\/\/apdubex.com\/de\/wp-json\/wp\/v2\/pages\/2816\/revisions"}],"predecessor-version":[{"id":3013,"href":"https:\/\/apdubex.com\/de\/wp-json\/wp\/v2\/pages\/2816\/revisions\/3013"}],"wp:attachment":[{"href":"https:\/\/apdubex.com\/de\/wp-json\/wp\/v2\/media?parent=2816"}],"curies":[{"name":"wp","href":"https:\/\/api.w.org\/{rel}","templated":true}]}}